{"id":1668,"date":"2025-12-03T18:56:54","date_gmt":"2025-12-03T18:56:54","guid":{"rendered":"https:\/\/aurorazanoletty.com\/?page_id=1668"},"modified":"2025-12-03T20:08:57","modified_gmt":"2025-12-03T20:08:57","slug":"estudio","status":"publish","type":"page","link":"https:\/\/aurorazanoletty.com\/?page_id=1668","title":{"rendered":"Estudio"},"content":{"rendered":"\t\t<div data-elementor-type=\"wp-page\" data-elementor-id=\"1668\" class=\"elementor elementor-1668\" data-elementor-post-type=\"page\">\n\t\t\t\t<div class=\"elementor-element elementor-element-702b3ce e-flex e-con-boxed e-con e-parent\" data-id=\"702b3ce\" data-element_type=\"container\">\n\t\t\t\t\t<div class=\"e-con-inner\">\n\t\t<div class=\"elementor-element elementor-element-a70089f e-con-full e-flex e-con e-child\" data-id=\"a70089f\" data-element_type=\"container\">\n\t\t\t\t<div class=\"elementor-element elementor-element-bf25606 elementor-widget elementor-widget-heading\" data-id=\"bf25606\" data-element_type=\"widget\" data-widget_type=\"heading.default\">\n\t\t\t\t<div class=\"elementor-widget-container\">\n\t\t\t\t\t<h1 class=\"elementor-heading-title elementor-size-default\">Arquitectura de Interiores<\/h1>\t\t\t\t<\/div>\n\t\t\t\t<\/div>\n\t\t\t\t<\/div>\n\t\t<div class=\"elementor-element elementor-element-c5ec175 e-con-full e-flex e-con e-child\" data-id=\"c5ec175\" data-element_type=\"container\">\n\t\t\t\t<div class=\"elementor-element elementor-element-46aa9f2 elementor-widget elementor-widget-text-editor\" data-id=\"46aa9f2\" data-element_type=\"widget\" data-widget_type=\"text-editor.default\">\n\t\t\t\t<div class=\"elementor-widget-container\">\n\t\t\t\t\t\t\t\t\t<p>Desarrollamos y ejecutamos proyectos de arquitectura de interiores que combinan funcionalidad, est\u00e9tica y una visi\u00f3n espacial coherente. Cada propuesta nace del an\u00e1lisis de las necesidades del cliente, buscando optimizar el uso de cada espacio sin renunciar a la belleza y la identidad del dise\u00f1o.<\/p><p>A trav\u00e9s de visualizaciones 3D fotorrealistas, ofrecemos la posibilidad de anticipar el resultado final, comparar alternativas y tomar decisiones con seguridad antes de la ejecuci\u00f3n. Materiales, texturas, iluminaci\u00f3n y mobiliario se integran en un conjunto arm\u00f3nico y personalizado.<\/p>\t\t\t\t\t\t\t\t<\/div>\n\t\t\t\t<\/div>\n\t\t\t\t<\/div>\n\t\t<div class=\"elementor-element elementor-element-336c57e e-con-full e-flex e-con e-child\" data-id=\"336c57e\" data-element_type=\"container\">\n\t\t\t\t<div class=\"elementor-element elementor-element-af56c9b elementor-widget elementor-widget-text-editor\" data-id=\"af56c9b\" data-element_type=\"widget\" data-widget_type=\"text-editor.default\">\n\t\t\t\t<div class=\"elementor-widget-container\">\n\t\t\t\t\t\t\t\t\t<p>Ofrecemos un servicio integral que abarca todas las etapas del proceso, desde la concepci\u00f3n del dise\u00f1o hasta la entrega final del espacio. Nos ocupamos de la coordinaci\u00f3n completa \u2014equipos, proveedores y plazos\u2014 para asegurar un resultado impecable. Una soluci\u00f3n ideal para quienes buscan transformar su entorno con excelencia, sin preocuparse por la gesti\u00f3n del proyecto.<\/p>\t\t\t\t\t\t\t\t<\/div>\n\t\t\t\t<\/div>\n\t\t\t\t<\/div>\n\t\t<div class=\"elementor-element elementor-element-e7aea78 e-con-full e-flex e-con e-child\" data-id=\"e7aea78\" data-element_type=\"container\">\n\t\t\t\t<div class=\"elementor-element elementor-element-34a844e elementor-widget elementor-widget-heading\" data-id=\"34a844e\" data-element_type=\"widget\" data-widget_type=\"heading.default\">\n\t\t\t\t<div class=\"elementor-widget-container\">\n\t\t\t\t\t<h2 class=\"elementor-heading-title elementor-size-default\">Proyecto Llave en Mano<\/h2>\t\t\t\t<\/div>\n\t\t\t\t<\/div>\n\t\t\t\t<\/div>\n\t\t<div class=\"elementor-element elementor-element-e1ce5dd e-con-full e-flex e-con e-child\" data-id=\"e1ce5dd\" data-element_type=\"container\">\n\t\t\t\t<div class=\"elementor-element elementor-element-a10dfc3 elementor-widget elementor-widget-heading\" data-id=\"a10dfc3\" data-element_type=\"widget\" data-widget_type=\"heading.default\">\n\t\t\t\t<div class=\"elementor-widget-container\">\n\t\t\t\t\t<h2 class=\"elementor-heading-title elementor-size-default\">Equipo<\/h2>\t\t\t\t<\/div>\n\t\t\t\t<\/div>\n\t\t\t\t<\/div>\n\t\t<div class=\"elementor-element elementor-element-d289ce7 e-con-full e-flex e-con e-child\" data-id=\"d289ce7\" data-element_type=\"container\">\n\t\t\t\t<div class=\"elementor-element elementor-element-aa70561 elementor-widget elementor-widget-text-editor\" data-id=\"aa70561\" data-element_type=\"widget\" data-widget_type=\"text-editor.default\">\n\t\t\t\t<div class=\"elementor-widget-container\">\n\t\t\t\t\t\t\t\t\t<p>Graduada como arquitecta en el a\u00f1o 2000, colaboro con constructores y profesionales del dise\u00f1o gr\u00e1fico.<\/p><p>Tras dedicar los \u00faltimos diez a\u00f1os a trabajar junto a marcas internacionales de mobiliario y cocinas de alta gama, uno mi experiencia t\u00e9cnica, y los conocimientos que he adquirido en el mundo del dise\u00f1o a mi gusto por la est\u00e9tica contempor\u00e1nea y la creaci\u00f3n de espacios que integran funcionalidad, innovaci\u00f3n y car\u00e1cter propio<\/p>\t\t\t\t\t\t\t\t<\/div>\n\t\t\t\t<\/div>\n\t\t\t\t<\/div>\n\t\t\t\t\t<\/div>\n\t\t\t\t<\/div>\n\t\t\t\t<\/div>\n\t\t","protected":false},"excerpt":{"rendered":"<p>Arquitectura de Interiores Desarrollamos y ejecutamos proyectos de arquitectura de interiores que combinan funcionalidad, est\u00e9tica y una visi\u00f3n espacial coherente. Cada propuesta nace del an\u00e1lisis de las necesidades del cliente, buscando optimizar el uso de cada espacio sin renunciar a la belleza y la identidad del dise\u00f1o. A trav\u00e9s de visualizaciones 3D fotorrealistas, ofrecemos la [&hellip;]<\/p>\n","protected":false},"author":1,"featured_media":0,"parent":0,"menu_order":0,"comment_status":"closed","ping_status":"closed","template":"","meta":{"footnotes":""},"class_list":["post-1668","page","type-page","status-publish","hentry"],"yoast_head":"<!-- This site is optimized with the Yoast SEO plugin v26.2 - https:\/\/yoast.com\/wordpress\/plugins\/seo\/ -->\n<title>Estudio - AURORA ZANOLETTY<\/title>\n<meta name=\"description\" content=\"Arquitectura de Interiores llave en mano. Transformamos ideas en espacios \u00fanicos, donde el dise\u00f1o y la experiencia se encuentran.\" \/>\n<meta name=\"robots\" content=\"index, follow, max-snippet:-1, max-image-preview:large, max-video-preview:-1\" \/>\n<link rel=\"canonical\" href=\"https:\/\/aurorazanoletty.com\/?page_id=1668\" \/>\n<meta property=\"og:locale\" content=\"en_GB\" \/>\n<meta property=\"og:type\" content=\"article\" \/>\n<meta property=\"og:title\" content=\"Estudio - AURORA ZANOLETTY\" \/>\n<meta property=\"og:description\" content=\"Arquitectura de Interiores llave en mano. Transformamos ideas en espacios \u00fanicos, donde el dise\u00f1o y la experiencia se encuentran.\" \/>\n<meta property=\"og:url\" content=\"https:\/\/aurorazanoletty.com\/?page_id=1668\" \/>\n<meta property=\"og:site_name\" content=\"AURORA ZANOLETTY\" \/>\n<meta property=\"article:modified_time\" content=\"2025-12-03T20:08:57+00:00\" \/>\n<meta name=\"twitter:card\" content=\"summary_large_image\" \/>\n<meta name=\"twitter:label1\" content=\"Estimated reading time\" \/>\n\t<meta name=\"twitter:data1\" content=\"1 minute\" \/>\n<script type=\"application\/ld+json\" class=\"yoast-schema-graph\">{\"@context\":\"https:\/\/schema.org\",\"@graph\":[{\"@type\":\"WebPage\",\"@id\":\"https:\/\/aurorazanoletty.com\/?page_id=1668\",\"url\":\"https:\/\/aurorazanoletty.com\/?page_id=1668\",\"name\":\"Estudio - AURORA ZANOLETTY\",\"isPartOf\":{\"@id\":\"https:\/\/aurorazanoletty.com\/#website\"},\"datePublished\":\"2025-12-03T18:56:54+00:00\",\"dateModified\":\"2025-12-03T20:08:57+00:00\",\"description\":\"Arquitectura de Interiores llave en mano. Transformamos ideas en espacios \u00fanicos, donde el dise\u00f1o y la experiencia se encuentran.\",\"breadcrumb\":{\"@id\":\"https:\/\/aurorazanoletty.com\/?page_id=1668#breadcrumb\"},\"inLanguage\":\"en-GB\",\"potentialAction\":[{\"@type\":\"ReadAction\",\"target\":[\"https:\/\/aurorazanoletty.com\/?page_id=1668\"]}]},{\"@type\":\"BreadcrumbList\",\"@id\":\"https:\/\/aurorazanoletty.com\/?page_id=1668#breadcrumb\",\"itemListElement\":[{\"@type\":\"ListItem\",\"position\":1,\"name\":\"Home\",\"item\":\"https:\/\/aurorazanoletty.com\/\"},{\"@type\":\"ListItem\",\"position\":2,\"name\":\"Estudio\"}]},{\"@type\":\"WebSite\",\"@id\":\"https:\/\/aurorazanoletty.com\/#website\",\"url\":\"https:\/\/aurorazanoletty.com\/\",\"name\":\"AURORAZANOLETTY\",\"description\":\"\",\"publisher\":{\"@id\":\"https:\/\/aurorazanoletty.com\/#organization\"},\"potentialAction\":[{\"@type\":\"SearchAction\",\"target\":{\"@type\":\"EntryPoint\",\"urlTemplate\":\"https:\/\/aurorazanoletty.com\/?s={search_term_string}\"},\"query-input\":{\"@type\":\"PropertyValueSpecification\",\"valueRequired\":true,\"valueName\":\"search_term_string\"}}],\"inLanguage\":\"en-GB\"},{\"@type\":\"Organization\",\"@id\":\"https:\/\/aurorazanoletty.com\/#organization\",\"name\":\"AURORA ZANOLETTY ARQUITECTURA DE INTERIORES\",\"url\":\"https:\/\/aurorazanoletty.com\/\",\"logo\":{\"@type\":\"ImageObject\",\"inLanguage\":\"en-GB\",\"@id\":\"https:\/\/aurorazanoletty.com\/#\/schema\/logo\/image\/\",\"url\":\"https:\/\/aurorazanoletty.com\/wp-content\/uploads\/2025\/11\/LOGO.jpg\",\"contentUrl\":\"https:\/\/aurorazanoletty.com\/wp-content\/uploads\/2025\/11\/LOGO.jpg\",\"width\":1105,\"height\":245,\"caption\":\"AURORA ZANOLETTY ARQUITECTURA DE INTERIORES\"},\"image\":{\"@id\":\"https:\/\/aurorazanoletty.com\/#\/schema\/logo\/image\/\"}}]}<\/script>\n<!-- \/ Yoast SEO plugin. -->","yoast_head_json":{"title":"Estudio - AURORA ZANOLETTY","description":"Arquitectura de Interiores llave en mano. Transformamos ideas en espacios \u00fanicos, donde el dise\u00f1o y la experiencia se encuentran.","robots":{"index":"index","follow":"follow","max-snippet":"max-snippet:-1","max-image-preview":"max-image-preview:large","max-video-preview":"max-video-preview:-1"},"canonical":"https:\/\/aurorazanoletty.com\/?page_id=1668","og_locale":"en_GB","og_type":"article","og_title":"Estudio - AURORA ZANOLETTY","og_description":"Arquitectura de Interiores llave en mano. Transformamos ideas en espacios \u00fanicos, donde el dise\u00f1o y la experiencia se encuentran.","og_url":"https:\/\/aurorazanoletty.com\/?page_id=1668","og_site_name":"AURORA ZANOLETTY","article_modified_time":"2025-12-03T20:08:57+00:00","twitter_card":"summary_large_image","twitter_misc":{"Estimated reading time":"1 minute"},"schema":{"@context":"https:\/\/schema.org","@graph":[{"@type":"WebPage","@id":"https:\/\/aurorazanoletty.com\/?page_id=1668","url":"https:\/\/aurorazanoletty.com\/?page_id=1668","name":"Estudio - AURORA ZANOLETTY","isPartOf":{"@id":"https:\/\/aurorazanoletty.com\/#website"},"datePublished":"2025-12-03T18:56:54+00:00","dateModified":"2025-12-03T20:08:57+00:00","description":"Arquitectura de Interiores llave en mano. Transformamos ideas en espacios \u00fanicos, donde el dise\u00f1o y la experiencia se encuentran.","breadcrumb":{"@id":"https:\/\/aurorazanoletty.com\/?page_id=1668#breadcrumb"},"inLanguage":"en-GB","potentialAction":[{"@type":"ReadAction","target":["https:\/\/aurorazanoletty.com\/?page_id=1668"]}]},{"@type":"BreadcrumbList","@id":"https:\/\/aurorazanoletty.com\/?page_id=1668#breadcrumb","itemListElement":[{"@type":"ListItem","position":1,"name":"Home","item":"https:\/\/aurorazanoletty.com\/"},{"@type":"ListItem","position":2,"name":"Estudio"}]},{"@type":"WebSite","@id":"https:\/\/aurorazanoletty.com\/#website","url":"https:\/\/aurorazanoletty.com\/","name":"AURORAZANOLETTY","description":"","publisher":{"@id":"https:\/\/aurorazanoletty.com\/#organization"},"potentialAction":[{"@type":"SearchAction","target":{"@type":"EntryPoint","urlTemplate":"https:\/\/aurorazanoletty.com\/?s={search_term_string}"},"query-input":{"@type":"PropertyValueSpecification","valueRequired":true,"valueName":"search_term_string"}}],"inLanguage":"en-GB"},{"@type":"Organization","@id":"https:\/\/aurorazanoletty.com\/#organization","name":"AURORA ZANOLETTY ARQUITECTURA DE INTERIORES","url":"https:\/\/aurorazanoletty.com\/","logo":{"@type":"ImageObject","inLanguage":"en-GB","@id":"https:\/\/aurorazanoletty.com\/#\/schema\/logo\/image\/","url":"https:\/\/aurorazanoletty.com\/wp-content\/uploads\/2025\/11\/LOGO.jpg","contentUrl":"https:\/\/aurorazanoletty.com\/wp-content\/uploads\/2025\/11\/LOGO.jpg","width":1105,"height":245,"caption":"AURORA ZANOLETTY ARQUITECTURA DE INTERIORES"},"image":{"@id":"https:\/\/aurorazanoletty.com\/#\/schema\/logo\/image\/"}}]}},"_links":{"self":[{"href":"https:\/\/aurorazanoletty.com\/index.php?rest_route=\/wp\/v2\/pages\/1668","targetHints":{"allow":["GET"]}}],"collection":[{"href":"https:\/\/aurorazanoletty.com\/index.php?rest_route=\/wp\/v2\/pages"}],"about":[{"href":"https:\/\/aurorazanoletty.com\/index.php?rest_route=\/wp\/v2\/types\/page"}],"author":[{"embeddable":true,"href":"https:\/\/aurorazanoletty.com\/index.php?rest_route=\/wp\/v2\/users\/1"}],"replies":[{"embeddable":true,"href":"https:\/\/aurorazanoletty.com\/index.php?rest_route=%2Fwp%2Fv2%2Fcomments&post=1668"}],"version-history":[{"count":58,"href":"https:\/\/aurorazanoletty.com\/index.php?rest_route=\/wp\/v2\/pages\/1668\/revisions"}],"predecessor-version":[{"id":2030,"href":"https:\/\/aurorazanoletty.com\/index.php?rest_route=\/wp\/v2\/pages\/1668\/revisions\/2030"}],"wp:attachment":[{"href":"https:\/\/aurorazanoletty.com\/index.php?rest_route=%2Fwp%2Fv2%2Fmedia&parent=1668"}],"curies":[{"name":"wp","href":"https:\/\/api.w.org\/{rel}","templated":true}]}}