{"id":1374,"date":"2025-11-24T18:57:25","date_gmt":"2025-11-24T18:57:25","guid":{"rendered":"https:\/\/aurorazanoletty.com\/?page_id=1374"},"modified":"2025-12-24T11:23:14","modified_gmt":"2025-12-24T11:23:14","slug":"proyecto-de-cocina","status":"publish","type":"page","link":"https:\/\/aurorazanoletty.com\/?page_id=1374","title":{"rendered":"Proyecto de cocina"},"content":{"rendered":"\t\t<div data-elementor-type=\"wp-page\" data-elementor-id=\"1374\" class=\"elementor elementor-1374\" data-elementor-post-type=\"page\">\n\t\t\t\t<div class=\"elementor-element elementor-element-9da7e89 e-con-full e-flex e-con e-parent\" data-id=\"9da7e89\" data-element_type=\"container\">\n\t\t\t\t<div class=\"elementor-element elementor-element-adcf03d elementor-widget elementor-widget-template\" data-id=\"adcf03d\" data-element_type=\"widget\" data-widget_type=\"template.default\">\n\t\t\t\t<div class=\"elementor-widget-container\">\n\t\t\t\t\t\t\t<div class=\"elementor-template\">\n\t\t\t\t\t<div data-elementor-type=\"container\" data-elementor-id=\"1566\" class=\"elementor elementor-1566\" data-elementor-post-type=\"elementor_library\">\n\t\t\t\t<div class=\"elementor-element elementor-element-3c8851cc e-con-full e-flex e-con e-parent\" data-id=\"3c8851cc\" data-element_type=\"container\">\n\t\t\t\t<div class=\"elementor-element elementor-element-1fdd7d36 elementor-widget elementor-widget-heading\" data-id=\"1fdd7d36\" data-element_type=\"widget\" data-widget_type=\"heading.default\">\n\t\t\t\t<div class=\"elementor-widget-container\">\n\t\t\t\t\t<h2 class=\"elementor-heading-title elementor-size-default\"><a href=\"https:\/\/aurorazanoletty.com\/?page_id=1540\">&lt;Volver a Trabajos<\/a><\/h2>\t\t\t\t<\/div>\n\t\t\t\t<\/div>\n\t\t\t\t<\/div>\n\t\t\t\t<\/div>\n\t\t\t\t<\/div>\n\t\t\t\t\t\t<\/div>\n\t\t\t\t<\/div>\n\t\t\t\t<\/div>\n\t\t<div class=\"elementor-element elementor-element-6981059 e-con-full e-flex e-con e-parent\" data-id=\"6981059\" data-element_type=\"container\">\n\t\t<div class=\"elementor-element elementor-element-fa25b0a e-flex e-con-boxed e-con e-child\" data-id=\"fa25b0a\" data-element_type=\"container\">\n\t\t\t\t\t<div class=\"e-con-inner\">\n\t\t\t\t<div class=\"elementor-element elementor-element-f79c625 elementor-invisible elementor-widget elementor-widget-gallery\" data-id=\"f79c625\" data-element_type=\"widget\" data-settings=\"{&quot;columns&quot;:3,&quot;gap&quot;:{&quot;unit&quot;:&quot;px&quot;,&quot;size&quot;:11,&quot;sizes&quot;:[]},&quot;aspect_ratio&quot;:&quot;1:1&quot;,&quot;_animation&quot;:&quot;fadeIn&quot;,&quot;lazyload&quot;:&quot;yes&quot;,&quot;gallery_layout&quot;:&quot;grid&quot;,&quot;columns_tablet&quot;:2,&quot;columns_mobile&quot;:1,&quot;gap_tablet&quot;:{&quot;unit&quot;:&quot;px&quot;,&quot;size&quot;:10,&quot;sizes&quot;:[]},&quot;gap_mobile&quot;:{&quot;unit&quot;:&quot;px&quot;,&quot;size&quot;:10,&quot;sizes&quot;:[]},&quot;link_to&quot;:&quot;file&quot;,&quot;overlay_background&quot;:&quot;yes&quot;}\" data-widget_type=\"gallery.default\">\n\t\t\t\t<div class=\"elementor-widget-container\">\n\t\t\t\t\t\t\t<div class=\"elementor-gallery__container\">\n\t\t\t\t\t\t\t<a class=\"e-gallery-item elementor-gallery-item\" href=\"https:\/\/aurorazanoletty.com\/wp-content\/uploads\/2025\/11\/INTS_MED_002.jpg\" data-elementor-open-lightbox=\"yes\" data-elementor-lightbox-slideshow=\"f79c625\" data-e-action-hash=\"#elementor-action%3Aaction%3Dlightbox%26settings%3DeyJpZCI6MTM3OCwidXJsIjoiaHR0cHM6XC9cL2F1cm9yYXphbm9sZXR0eS5jb21cL3dwLWNvbnRlbnRcL3VwbG9hZHNcLzIwMjVcLzExXC9JTlRTX01FRF8wMDIuanBnIiwic2xpZGVzaG93IjoiZjc5YzYyNSJ9\">\n\t\t\t\t\t<div class=\"e-gallery-image elementor-gallery-item__image\" data-thumbnail=\"https:\/\/aurorazanoletty.com\/wp-content\/uploads\/2025\/11\/INTS_MED_002-768x768.jpg\" data-width=\"768\" data-height=\"768\" aria-label=\"\" role=\"img\" ><\/div>\n\t\t\t\t\t\t\t\t\t\t\t<div class=\"elementor-gallery-item__overlay\"><\/div>\n\t\t\t\t\t\t\t\t\t\t\t\t\t\t<\/a>\n\t\t\t\t\t\t\t<a class=\"e-gallery-item elementor-gallery-item\" href=\"https:\/\/aurorazanoletty.com\/wp-content\/uploads\/2025\/11\/INTS_MED_007.jpg\" data-elementor-open-lightbox=\"yes\" data-elementor-lightbox-slideshow=\"f79c625\" data-e-action-hash=\"#elementor-action%3Aaction%3Dlightbox%26settings%3DeyJpZCI6MTM4MCwidXJsIjoiaHR0cHM6XC9cL2F1cm9yYXphbm9sZXR0eS5jb21cL3dwLWNvbnRlbnRcL3VwbG9hZHNcLzIwMjVcLzExXC9JTlRTX01FRF8wMDcuanBnIiwic2xpZGVzaG93IjoiZjc5YzYyNSJ9\">\n\t\t\t\t\t<div class=\"e-gallery-image elementor-gallery-item__image\" data-thumbnail=\"https:\/\/aurorazanoletty.com\/wp-content\/uploads\/2025\/11\/INTS_MED_007-768x768.jpg\" data-width=\"768\" data-height=\"768\" aria-label=\"\" role=\"img\" ><\/div>\n\t\t\t\t\t\t\t\t\t\t\t<div class=\"elementor-gallery-item__overlay\"><\/div>\n\t\t\t\t\t\t\t\t\t\t\t\t\t\t<\/a>\n\t\t\t\t\t\t\t<a class=\"e-gallery-item elementor-gallery-item\" href=\"https:\/\/aurorazanoletty.com\/wp-content\/uploads\/2025\/11\/INTS_MED_006.jpg\" data-elementor-open-lightbox=\"yes\" data-elementor-lightbox-slideshow=\"f79c625\" data-e-action-hash=\"#elementor-action%3Aaction%3Dlightbox%26settings%3DeyJpZCI6MTM3OSwidXJsIjoiaHR0cHM6XC9cL2F1cm9yYXphbm9sZXR0eS5jb21cL3dwLWNvbnRlbnRcL3VwbG9hZHNcLzIwMjVcLzExXC9JTlRTX01FRF8wMDYuanBnIiwic2xpZGVzaG93IjoiZjc5YzYyNSJ9\">\n\t\t\t\t\t<div class=\"e-gallery-image elementor-gallery-item__image\" data-thumbnail=\"https:\/\/aurorazanoletty.com\/wp-content\/uploads\/2025\/11\/INTS_MED_006-768x768.jpg\" data-width=\"768\" data-height=\"768\" aria-label=\"\" role=\"img\" ><\/div>\n\t\t\t\t\t\t\t\t\t\t\t<div class=\"elementor-gallery-item__overlay\"><\/div>\n\t\t\t\t\t\t\t\t\t\t\t\t\t\t<\/a>\n\t\t\t\t\t\t\t<a class=\"e-gallery-item elementor-gallery-item\" href=\"https:\/\/aurorazanoletty.com\/wp-content\/uploads\/2025\/11\/INTS_MED_001.jpg\" data-elementor-open-lightbox=\"yes\" data-elementor-lightbox-slideshow=\"f79c625\" data-e-action-hash=\"#elementor-action%3Aaction%3Dlightbox%26settings%3DeyJpZCI6MTM3NywidXJsIjoiaHR0cHM6XC9cL2F1cm9yYXphbm9sZXR0eS5jb21cL3dwLWNvbnRlbnRcL3VwbG9hZHNcLzIwMjVcLzExXC9JTlRTX01FRF8wMDEuanBnIiwic2xpZGVzaG93IjoiZjc5YzYyNSJ9\">\n\t\t\t\t\t<div class=\"e-gallery-image elementor-gallery-item__image\" data-thumbnail=\"https:\/\/aurorazanoletty.com\/wp-content\/uploads\/2025\/11\/INTS_MED_001-768x768.jpg\" data-width=\"768\" data-height=\"768\" aria-label=\"\" role=\"img\" ><\/div>\n\t\t\t\t\t\t\t\t\t\t\t<div class=\"elementor-gallery-item__overlay\"><\/div>\n\t\t\t\t\t\t\t\t\t\t\t\t\t\t<\/a>\n\t\t\t\t\t\t\t<a class=\"e-gallery-item elementor-gallery-item\" href=\"https:\/\/aurorazanoletty.com\/wp-content\/uploads\/2025\/11\/INTS_MED_008.jpg\" data-elementor-open-lightbox=\"yes\" data-elementor-lightbox-slideshow=\"f79c625\" data-e-action-hash=\"#elementor-action%3Aaction%3Dlightbox%26settings%3DeyJpZCI6MTM4MSwidXJsIjoiaHR0cHM6XC9cL2F1cm9yYXphbm9sZXR0eS5jb21cL3dwLWNvbnRlbnRcL3VwbG9hZHNcLzIwMjVcLzExXC9JTlRTX01FRF8wMDguanBnIiwic2xpZGVzaG93IjoiZjc5YzYyNSJ9\">\n\t\t\t\t\t<div class=\"e-gallery-image elementor-gallery-item__image\" data-thumbnail=\"https:\/\/aurorazanoletty.com\/wp-content\/uploads\/2025\/11\/INTS_MED_008-768x768.jpg\" data-width=\"768\" data-height=\"768\" aria-label=\"\" role=\"img\" ><\/div>\n\t\t\t\t\t\t\t\t\t\t\t<div class=\"elementor-gallery-item__overlay\"><\/div>\n\t\t\t\t\t\t\t\t\t\t\t\t\t\t<\/a>\n\t\t\t\t\t<\/div>\n\t\t\t\t\t<\/div>\n\t\t\t\t<\/div>\n\t\t\t\t\t<\/div>\n\t\t\t\t<\/div>\n\t\t<div class=\"elementor-element elementor-element-e21ac7a e-con-full e-flex e-con e-child\" data-id=\"e21ac7a\" data-element_type=\"container\">\n\t\t<div class=\"elementor-element elementor-element-1ac6515 e-con-full e-flex e-con e-child\" data-id=\"1ac6515\" data-element_type=\"container\">\n\t\t\t\t<div class=\"elementor-element elementor-element-cc67b2c elementor-widget elementor-widget-heading\" data-id=\"cc67b2c\" data-element_type=\"widget\" data-widget_type=\"heading.default\">\n\t\t\t\t<div class=\"elementor-widget-container\">\n\t\t\t\t\t<h2 class=\"elementor-heading-title elementor-size-default\">Proyecto de Cocina<\/h2>\t\t\t\t<\/div>\n\t\t\t\t<\/div>\n\t\t\t\t<div class=\"elementor-element elementor-element-08d67fa elementor-widget-divider--view-line elementor-widget elementor-widget-divider\" data-id=\"08d67fa\" data-element_type=\"widget\" data-widget_type=\"divider.default\">\n\t\t\t\t<div class=\"elementor-widget-container\">\n\t\t\t\t\t\t\t<div class=\"elementor-divider\">\n\t\t\t<span class=\"elementor-divider-separator\">\n\t\t\t\t\t\t<\/span>\n\t\t<\/div>\n\t\t\t\t\t\t<\/div>\n\t\t\t\t<\/div>\n\t\t\t\t<div class=\"elementor-element elementor-element-78d4042 elementor-widget elementor-widget-text-editor\" data-id=\"78d4042\" data-element_type=\"widget\" data-widget_type=\"text-editor.default\">\n\t\t\t\t<div class=\"elementor-widget-container\">\n\t\t\t\t\t\t\t\t\t<p>El elemento central del proyecto- la pen\u00ednsula- apoya sobre un plano de cer\u00e1mica, con motivo geom\u00e9trico, que unifica suelo y pared.<\/p><p>El mobiliario de cocina tiene un acabado blanco mate, incluyendo el cuerpo donde se aloja la campana extractora.<\/p>\t\t\t\t\t\t\t\t<\/div>\n\t\t\t\t<\/div>\n\t\t\t\t<\/div>\n\t\t<div class=\"elementor-element elementor-element-69626f4 e-con-full e-flex e-con e-child\" data-id=\"69626f4\" data-element_type=\"container\">\n\t\t\t\t<div class=\"elementor-element elementor-element-fd873e1 elementor-widget elementor-widget-image\" data-id=\"fd873e1\" data-element_type=\"widget\" data-widget_type=\"image.default\">\n\t\t\t\t<div class=\"elementor-widget-container\">\n\t\t\t\t\t\t\t\t\t\t\t\t\t\t\t<img fetchpriority=\"high\" decoding=\"async\" width=\"800\" height=\"941\" src=\"https:\/\/aurorazanoletty.com\/wp-content\/uploads\/2025\/12\/BEFORE.webp\" class=\"attachment-large size-large wp-image-1894\" alt=\"\" srcset=\"https:\/\/aurorazanoletty.com\/wp-content\/uploads\/2025\/12\/BEFORE.webp 871w, https:\/\/aurorazanoletty.com\/wp-content\/uploads\/2025\/12\/BEFORE-255x300.webp 255w, https:\/\/aurorazanoletty.com\/wp-content\/uploads\/2025\/12\/BEFORE-768x903.webp 768w\" sizes=\"(max-width: 800px) 100vw, 800px\" \/>\t\t\t\t\t\t\t\t\t\t\t\t\t\t\t<\/div>\n\t\t\t\t<\/div>\n\t\t\t\t<\/div>\n\t\t\t\t<\/div>\n\t\t\t\t<\/div>\n\t\t\t\t<\/div>\n\t\t","protected":false},"excerpt":{"rendered":"<p>Dise\u00f1o y Reforma de cocina<\/p>\n","protected":false},"author":1,"featured_media":1379,"parent":0,"menu_order":0,"comment_status":"closed","ping_status":"closed","template":"","meta":{"footnotes":""},"class_list":["post-1374","page","type-page","status-publish","has-post-thumbnail","hentry"],"yoast_head":"<!-- This site is optimized with the Yoast SEO plugin v26.2 - https:\/\/yoast.com\/wordpress\/plugins\/seo\/ -->\n<title>Proyecto de cocina - AURORA ZANOLETTY<\/title>\n<meta name=\"description\" content=\"Arquitectura de Interiores llave en mano. Transformamos ideas en espacios \u00fanicos, donde el dise\u00f1o y la experiencia se encuentran.\" \/>\n<meta name=\"robots\" content=\"index, follow, max-snippet:-1, max-image-preview:large, max-video-preview:-1\" \/>\n<link rel=\"canonical\" href=\"https:\/\/aurorazanoletty.com\/?page_id=1374\" \/>\n<meta property=\"og:locale\" content=\"en_GB\" \/>\n<meta property=\"og:type\" content=\"article\" \/>\n<meta property=\"og:title\" content=\"Proyecto de cocina - AURORA ZANOLETTY\" \/>\n<meta property=\"og:description\" content=\"Arquitectura de Interiores llave en mano. Transformamos ideas en espacios \u00fanicos, donde el dise\u00f1o y la experiencia se encuentran.\" \/>\n<meta property=\"og:url\" content=\"https:\/\/aurorazanoletty.com\/?page_id=1374\" \/>\n<meta property=\"og:site_name\" content=\"AURORA ZANOLETTY\" \/>\n<meta property=\"article:modified_time\" content=\"2025-12-24T11:23:14+00:00\" \/>\n<meta property=\"og:image\" content=\"https:\/\/aurorazanoletty.com\/wp-content\/uploads\/2025\/11\/INTS_MED_006-1024x1024.jpg\" \/>\n\t<meta property=\"og:image:width\" content=\"1024\" \/>\n\t<meta property=\"og:image:height\" content=\"1024\" \/>\n\t<meta property=\"og:image:type\" content=\"image\/jpeg\" \/>\n<meta name=\"twitter:card\" content=\"summary_large_image\" \/>\n<meta name=\"twitter:label1\" content=\"Estimated reading time\" \/>\n\t<meta name=\"twitter:data1\" content=\"1 minute\" \/>\n<script type=\"application\/ld+json\" class=\"yoast-schema-graph\">{\"@context\":\"https:\/\/schema.org\",\"@graph\":[{\"@type\":\"WebPage\",\"@id\":\"https:\/\/aurorazanoletty.com\/?page_id=1374\",\"url\":\"https:\/\/aurorazanoletty.com\/?page_id=1374\",\"name\":\"Proyecto de cocina - AURORA ZANOLETTY\",\"isPartOf\":{\"@id\":\"https:\/\/aurorazanoletty.com\/#website\"},\"primaryImageOfPage\":{\"@id\":\"https:\/\/aurorazanoletty.com\/?page_id=1374#primaryimage\"},\"image\":{\"@id\":\"https:\/\/aurorazanoletty.com\/?page_id=1374#primaryimage\"},\"thumbnailUrl\":\"https:\/\/aurorazanoletty.com\/wp-content\/uploads\/2025\/11\/INTS_MED_006.jpg\",\"datePublished\":\"2025-11-24T18:57:25+00:00\",\"dateModified\":\"2025-12-24T11:23:14+00:00\",\"description\":\"Arquitectura de Interiores llave en mano. Transformamos ideas en espacios \u00fanicos, donde el dise\u00f1o y la experiencia se encuentran.\",\"breadcrumb\":{\"@id\":\"https:\/\/aurorazanoletty.com\/?page_id=1374#breadcrumb\"},\"inLanguage\":\"en-GB\",\"potentialAction\":[{\"@type\":\"ReadAction\",\"target\":[\"https:\/\/aurorazanoletty.com\/?page_id=1374\"]}]},{\"@type\":\"ImageObject\",\"inLanguage\":\"en-GB\",\"@id\":\"https:\/\/aurorazanoletty.com\/?page_id=1374#primaryimage\",\"url\":\"https:\/\/aurorazanoletty.com\/wp-content\/uploads\/2025\/11\/INTS_MED_006.jpg\",\"contentUrl\":\"https:\/\/aurorazanoletty.com\/wp-content\/uploads\/2025\/11\/INTS_MED_006.jpg\",\"width\":2500,\"height\":2500},{\"@type\":\"BreadcrumbList\",\"@id\":\"https:\/\/aurorazanoletty.com\/?page_id=1374#breadcrumb\",\"itemListElement\":[{\"@type\":\"ListItem\",\"position\":1,\"name\":\"Home\",\"item\":\"https:\/\/aurorazanoletty.com\/\"},{\"@type\":\"ListItem\",\"position\":2,\"name\":\"Proyecto de cocina\"}]},{\"@type\":\"WebSite\",\"@id\":\"https:\/\/aurorazanoletty.com\/#website\",\"url\":\"https:\/\/aurorazanoletty.com\/\",\"name\":\"AURORAZANOLETTY\",\"description\":\"\",\"publisher\":{\"@id\":\"https:\/\/aurorazanoletty.com\/#organization\"},\"potentialAction\":[{\"@type\":\"SearchAction\",\"target\":{\"@type\":\"EntryPoint\",\"urlTemplate\":\"https:\/\/aurorazanoletty.com\/?s={search_term_string}\"},\"query-input\":{\"@type\":\"PropertyValueSpecification\",\"valueRequired\":true,\"valueName\":\"search_term_string\"}}],\"inLanguage\":\"en-GB\"},{\"@type\":\"Organization\",\"@id\":\"https:\/\/aurorazanoletty.com\/#organization\",\"name\":\"AURORA ZANOLETTY ARQUITECTURA DE INTERIORES\",\"url\":\"https:\/\/aurorazanoletty.com\/\",\"logo\":{\"@type\":\"ImageObject\",\"inLanguage\":\"en-GB\",\"@id\":\"https:\/\/aurorazanoletty.com\/#\/schema\/logo\/image\/\",\"url\":\"https:\/\/aurorazanoletty.com\/wp-content\/uploads\/2025\/11\/LOGO.jpg\",\"contentUrl\":\"https:\/\/aurorazanoletty.com\/wp-content\/uploads\/2025\/11\/LOGO.jpg\",\"width\":1105,\"height\":245,\"caption\":\"AURORA ZANOLETTY ARQUITECTURA DE INTERIORES\"},\"image\":{\"@id\":\"https:\/\/aurorazanoletty.com\/#\/schema\/logo\/image\/\"}}]}<\/script>\n<!-- \/ Yoast SEO plugin. -->","yoast_head_json":{"title":"Proyecto de cocina - AURORA ZANOLETTY","description":"Arquitectura de Interiores llave en mano. Transformamos ideas en espacios \u00fanicos, donde el dise\u00f1o y la experiencia se encuentran.","robots":{"index":"index","follow":"follow","max-snippet":"max-snippet:-1","max-image-preview":"max-image-preview:large","max-video-preview":"max-video-preview:-1"},"canonical":"https:\/\/aurorazanoletty.com\/?page_id=1374","og_locale":"en_GB","og_type":"article","og_title":"Proyecto de cocina - AURORA ZANOLETTY","og_description":"Arquitectura de Interiores llave en mano. Transformamos ideas en espacios \u00fanicos, donde el dise\u00f1o y la experiencia se encuentran.","og_url":"https:\/\/aurorazanoletty.com\/?page_id=1374","og_site_name":"AURORA ZANOLETTY","article_modified_time":"2025-12-24T11:23:14+00:00","og_image":[{"width":1024,"height":1024,"url":"https:\/\/aurorazanoletty.com\/wp-content\/uploads\/2025\/11\/INTS_MED_006-1024x1024.jpg","type":"image\/jpeg"}],"twitter_card":"summary_large_image","twitter_misc":{"Estimated reading time":"1 minute"},"schema":{"@context":"https:\/\/schema.org","@graph":[{"@type":"WebPage","@id":"https:\/\/aurorazanoletty.com\/?page_id=1374","url":"https:\/\/aurorazanoletty.com\/?page_id=1374","name":"Proyecto de cocina - AURORA ZANOLETTY","isPartOf":{"@id":"https:\/\/aurorazanoletty.com\/#website"},"primaryImageOfPage":{"@id":"https:\/\/aurorazanoletty.com\/?page_id=1374#primaryimage"},"image":{"@id":"https:\/\/aurorazanoletty.com\/?page_id=1374#primaryimage"},"thumbnailUrl":"https:\/\/aurorazanoletty.com\/wp-content\/uploads\/2025\/11\/INTS_MED_006.jpg","datePublished":"2025-11-24T18:57:25+00:00","dateModified":"2025-12-24T11:23:14+00:00","description":"Arquitectura de Interiores llave en mano. Transformamos ideas en espacios \u00fanicos, donde el dise\u00f1o y la experiencia se encuentran.","breadcrumb":{"@id":"https:\/\/aurorazanoletty.com\/?page_id=1374#breadcrumb"},"inLanguage":"en-GB","potentialAction":[{"@type":"ReadAction","target":["https:\/\/aurorazanoletty.com\/?page_id=1374"]}]},{"@type":"ImageObject","inLanguage":"en-GB","@id":"https:\/\/aurorazanoletty.com\/?page_id=1374#primaryimage","url":"https:\/\/aurorazanoletty.com\/wp-content\/uploads\/2025\/11\/INTS_MED_006.jpg","contentUrl":"https:\/\/aurorazanoletty.com\/wp-content\/uploads\/2025\/11\/INTS_MED_006.jpg","width":2500,"height":2500},{"@type":"BreadcrumbList","@id":"https:\/\/aurorazanoletty.com\/?page_id=1374#breadcrumb","itemListElement":[{"@type":"ListItem","position":1,"name":"Home","item":"https:\/\/aurorazanoletty.com\/"},{"@type":"ListItem","position":2,"name":"Proyecto de cocina"}]},{"@type":"WebSite","@id":"https:\/\/aurorazanoletty.com\/#website","url":"https:\/\/aurorazanoletty.com\/","name":"AURORAZANOLETTY","description":"","publisher":{"@id":"https:\/\/aurorazanoletty.com\/#organization"},"potentialAction":[{"@type":"SearchAction","target":{"@type":"EntryPoint","urlTemplate":"https:\/\/aurorazanoletty.com\/?s={search_term_string}"},"query-input":{"@type":"PropertyValueSpecification","valueRequired":true,"valueName":"search_term_string"}}],"inLanguage":"en-GB"},{"@type":"Organization","@id":"https:\/\/aurorazanoletty.com\/#organization","name":"AURORA ZANOLETTY ARQUITECTURA DE INTERIORES","url":"https:\/\/aurorazanoletty.com\/","logo":{"@type":"ImageObject","inLanguage":"en-GB","@id":"https:\/\/aurorazanoletty.com\/#\/schema\/logo\/image\/","url":"https:\/\/aurorazanoletty.com\/wp-content\/uploads\/2025\/11\/LOGO.jpg","contentUrl":"https:\/\/aurorazanoletty.com\/wp-content\/uploads\/2025\/11\/LOGO.jpg","width":1105,"height":245,"caption":"AURORA ZANOLETTY ARQUITECTURA DE INTERIORES"},"image":{"@id":"https:\/\/aurorazanoletty.com\/#\/schema\/logo\/image\/"}}]}},"_links":{"self":[{"href":"https:\/\/aurorazanoletty.com\/index.php?rest_route=\/wp\/v2\/pages\/1374","targetHints":{"allow":["GET"]}}],"collection":[{"href":"https:\/\/aurorazanoletty.com\/index.php?rest_route=\/wp\/v2\/pages"}],"about":[{"href":"https:\/\/aurorazanoletty.com\/index.php?rest_route=\/wp\/v2\/types\/page"}],"author":[{"embeddable":true,"href":"https:\/\/aurorazanoletty.com\/index.php?rest_route=\/wp\/v2\/users\/1"}],"replies":[{"embeddable":true,"href":"https:\/\/aurorazanoletty.com\/index.php?rest_route=%2Fwp%2Fv2%2Fcomments&post=1374"}],"version-history":[{"count":34,"href":"https:\/\/aurorazanoletty.com\/index.php?rest_route=\/wp\/v2\/pages\/1374\/revisions"}],"predecessor-version":[{"id":2104,"href":"https:\/\/aurorazanoletty.com\/index.php?rest_route=\/wp\/v2\/pages\/1374\/revisions\/2104"}],"wp:featuredmedia":[{"embeddable":true,"href":"https:\/\/aurorazanoletty.com\/index.php?rest_route=\/wp\/v2\/media\/1379"}],"wp:attachment":[{"href":"https:\/\/aurorazanoletty.com\/index.php?rest_route=%2Fwp%2Fv2%2Fmedia&parent=1374"}],"curies":[{"name":"wp","href":"https:\/\/api.w.org\/{rel}","templated":true}]}}