{"id":1361,"date":"2025-11-24T18:52:02","date_gmt":"2025-11-24T18:52:02","guid":{"rendered":"https:\/\/aurorazanoletty.com\/?page_id=1361"},"modified":"2025-12-03T11:44:26","modified_gmt":"2025-12-03T11:44:26","slug":"diseno-interior-para-viviendas-apartamento-en-la-playa","status":"publish","type":"page","link":"https:\/\/aurorazanoletty.com\/?page_id=1361","title":{"rendered":"Apartamento en la playa"},"content":{"rendered":"\t\t<div data-elementor-type=\"wp-page\" data-elementor-id=\"1361\" class=\"elementor elementor-1361\" data-elementor-post-type=\"page\">\n\t\t\t\t<div class=\"elementor-element elementor-element-9da7e89 e-con-full e-flex e-con e-parent\" data-id=\"9da7e89\" data-element_type=\"container\">\n\t\t\t\t<div class=\"elementor-element elementor-element-1f3fe76 elementor-widget elementor-widget-template\" data-id=\"1f3fe76\" data-element_type=\"widget\" data-widget_type=\"template.default\">\n\t\t\t\t<div class=\"elementor-widget-container\">\n\t\t\t\t\t\t\t<div class=\"elementor-template\">\n\t\t\t\t\t<div data-elementor-type=\"container\" data-elementor-id=\"1566\" class=\"elementor elementor-1566\" data-elementor-post-type=\"elementor_library\">\n\t\t\t\t<div class=\"elementor-element elementor-element-3c8851cc e-con-full e-flex e-con e-parent\" data-id=\"3c8851cc\" data-element_type=\"container\">\n\t\t\t\t<div class=\"elementor-element elementor-element-1fdd7d36 elementor-widget elementor-widget-heading\" data-id=\"1fdd7d36\" data-element_type=\"widget\" data-widget_type=\"heading.default\">\n\t\t\t\t<div class=\"elementor-widget-container\">\n\t\t\t\t\t<h2 class=\"elementor-heading-title elementor-size-default\"><a href=\"https:\/\/aurorazanoletty.com\/?page_id=1540\">&lt;Volver a Trabajos<\/a><\/h2>\t\t\t\t<\/div>\n\t\t\t\t<\/div>\n\t\t\t\t<\/div>\n\t\t\t\t<\/div>\n\t\t\t\t<\/div>\n\t\t\t\t\t\t<\/div>\n\t\t\t\t<\/div>\n\t\t\t\t<\/div>\n\t\t<div class=\"elementor-element elementor-element-6981059 e-con-full e-flex e-con e-parent\" data-id=\"6981059\" data-element_type=\"container\">\n\t\t<div class=\"elementor-element elementor-element-fa25b0a e-flex e-con-boxed e-con e-child\" data-id=\"fa25b0a\" data-element_type=\"container\">\n\t\t\t\t\t<div class=\"e-con-inner\">\n\t\t\t\t<div class=\"elementor-element elementor-element-f79c625 elementor-invisible elementor-widget elementor-widget-gallery\" data-id=\"f79c625\" data-element_type=\"widget\" data-settings=\"{&quot;columns&quot;:3,&quot;gap&quot;:{&quot;unit&quot;:&quot;px&quot;,&quot;size&quot;:11,&quot;sizes&quot;:[]},&quot;aspect_ratio&quot;:&quot;1:1&quot;,&quot;_animation&quot;:&quot;fadeIn&quot;,&quot;lazyload&quot;:&quot;yes&quot;,&quot;gallery_layout&quot;:&quot;grid&quot;,&quot;columns_tablet&quot;:2,&quot;columns_mobile&quot;:1,&quot;gap_tablet&quot;:{&quot;unit&quot;:&quot;px&quot;,&quot;size&quot;:10,&quot;sizes&quot;:[]},&quot;gap_mobile&quot;:{&quot;unit&quot;:&quot;px&quot;,&quot;size&quot;:10,&quot;sizes&quot;:[]},&quot;link_to&quot;:&quot;file&quot;,&quot;overlay_background&quot;:&quot;yes&quot;}\" data-widget_type=\"gallery.default\">\n\t\t\t\t<div class=\"elementor-widget-container\">\n\t\t\t\t\t\t\t<div class=\"elementor-gallery__container\">\n\t\t\t\t\t\t\t<a class=\"e-gallery-item elementor-gallery-item\" href=\"https:\/\/aurorazanoletty.com\/wp-content\/uploads\/2025\/11\/APARTMENT_007_L.jpg\" data-elementor-open-lightbox=\"yes\" data-elementor-lightbox-slideshow=\"f79c625\" data-e-action-hash=\"#elementor-action%3Aaction%3Dlightbox%26settings%3DeyJpZCI6MTM3MCwidXJsIjoiaHR0cHM6XC9cL2F1cm9yYXphbm9sZXR0eS5jb21cL3dwLWNvbnRlbnRcL3VwbG9hZHNcLzIwMjVcLzExXC9BUEFSVE1FTlRfMDA3X0wuanBnIiwic2xpZGVzaG93IjoiZjc5YzYyNSJ9\">\n\t\t\t\t\t<div class=\"e-gallery-image elementor-gallery-item__image\" data-thumbnail=\"https:\/\/aurorazanoletty.com\/wp-content\/uploads\/2025\/11\/APARTMENT_007_L-768x768.jpg\" data-width=\"768\" data-height=\"768\" aria-label=\"apartamento en la playa dise\u00f1o interior para viviendas 6\" role=\"img\" ><\/div>\n\t\t\t\t\t\t\t\t\t\t\t<div class=\"elementor-gallery-item__overlay\"><\/div>\n\t\t\t\t\t\t\t\t\t\t\t\t\t\t<\/a>\n\t\t\t\t\t\t\t<a class=\"e-gallery-item elementor-gallery-item\" href=\"https:\/\/aurorazanoletty.com\/wp-content\/uploads\/2025\/11\/APARTMENT_001_L.jpg\" data-elementor-open-lightbox=\"yes\" data-elementor-lightbox-slideshow=\"f79c625\" data-e-action-hash=\"#elementor-action%3Aaction%3Dlightbox%26settings%3DeyJpZCI6MTM2NCwidXJsIjoiaHR0cHM6XC9cL2F1cm9yYXphbm9sZXR0eS5jb21cL3dwLWNvbnRlbnRcL3VwbG9hZHNcLzIwMjVcLzExXC9BUEFSVE1FTlRfMDAxX0wuanBnIiwic2xpZGVzaG93IjoiZjc5YzYyNSJ9\">\n\t\t\t\t\t<div class=\"e-gallery-image elementor-gallery-item__image\" data-thumbnail=\"https:\/\/aurorazanoletty.com\/wp-content\/uploads\/2025\/11\/APARTMENT_001_L-768x768.jpg\" data-width=\"768\" data-height=\"768\" aria-label=\"apartamento en la playa dise\u00f1o interior para viviendas 1\" role=\"img\" ><\/div>\n\t\t\t\t\t\t\t\t\t\t\t<div class=\"elementor-gallery-item__overlay\"><\/div>\n\t\t\t\t\t\t\t\t\t\t\t\t\t\t<\/a>\n\t\t\t\t\t\t\t<a class=\"e-gallery-item elementor-gallery-item\" href=\"https:\/\/aurorazanoletty.com\/wp-content\/uploads\/2025\/11\/APARTMENT_002_L.jpg\" data-elementor-open-lightbox=\"yes\" data-elementor-lightbox-slideshow=\"f79c625\" data-e-action-hash=\"#elementor-action%3Aaction%3Dlightbox%26settings%3DeyJpZCI6MTM2NSwidXJsIjoiaHR0cHM6XC9cL2F1cm9yYXphbm9sZXR0eS5jb21cL3dwLWNvbnRlbnRcL3VwbG9hZHNcLzIwMjVcLzExXC9BUEFSVE1FTlRfMDAyX0wuanBnIiwic2xpZGVzaG93IjoiZjc5YzYyNSJ9\">\n\t\t\t\t\t<div class=\"e-gallery-image elementor-gallery-item__image\" data-thumbnail=\"https:\/\/aurorazanoletty.com\/wp-content\/uploads\/2025\/11\/APARTMENT_002_L-768x768.jpg\" data-width=\"768\" data-height=\"768\" aria-label=\"apartamento en la playa dise\u00f1o interior para viviendas 2\" role=\"img\" ><\/div>\n\t\t\t\t\t\t\t\t\t\t\t<div class=\"elementor-gallery-item__overlay\"><\/div>\n\t\t\t\t\t\t\t\t\t\t\t\t\t\t<\/a>\n\t\t\t\t\t\t\t<a class=\"e-gallery-item elementor-gallery-item\" href=\"https:\/\/aurorazanoletty.com\/wp-content\/uploads\/2025\/11\/APARTMENT_005_L.jpg\" data-elementor-open-lightbox=\"yes\" data-elementor-lightbox-slideshow=\"f79c625\" data-e-action-hash=\"#elementor-action%3Aaction%3Dlightbox%26settings%3DeyJpZCI6MTM2OCwidXJsIjoiaHR0cHM6XC9cL2F1cm9yYXphbm9sZXR0eS5jb21cL3dwLWNvbnRlbnRcL3VwbG9hZHNcLzIwMjVcLzExXC9BUEFSVE1FTlRfMDA1X0wuanBnIiwic2xpZGVzaG93IjoiZjc5YzYyNSJ9\">\n\t\t\t\t\t<div class=\"e-gallery-image elementor-gallery-item__image\" data-thumbnail=\"https:\/\/aurorazanoletty.com\/wp-content\/uploads\/2025\/11\/APARTMENT_005_L-768x768.jpg\" data-width=\"768\" data-height=\"768\" aria-label=\"apartamento en la playa dise\u00f1o interior para viviendas 5\" role=\"img\" ><\/div>\n\t\t\t\t\t\t\t\t\t\t\t<div class=\"elementor-gallery-item__overlay\"><\/div>\n\t\t\t\t\t\t\t\t\t\t\t\t\t\t<\/a>\n\t\t\t\t\t\t\t<a class=\"e-gallery-item elementor-gallery-item\" href=\"https:\/\/aurorazanoletty.com\/wp-content\/uploads\/2025\/11\/APARTMENT_003_L.jpg\" data-elementor-open-lightbox=\"yes\" data-elementor-lightbox-slideshow=\"f79c625\" data-e-action-hash=\"#elementor-action%3Aaction%3Dlightbox%26settings%3DeyJpZCI6MTM2NiwidXJsIjoiaHR0cHM6XC9cL2F1cm9yYXphbm9sZXR0eS5jb21cL3dwLWNvbnRlbnRcL3VwbG9hZHNcLzIwMjVcLzExXC9BUEFSVE1FTlRfMDAzX0wuanBnIiwic2xpZGVzaG93IjoiZjc5YzYyNSJ9\">\n\t\t\t\t\t<div class=\"e-gallery-image elementor-gallery-item__image\" data-thumbnail=\"https:\/\/aurorazanoletty.com\/wp-content\/uploads\/2025\/11\/APARTMENT_003_L-768x768.jpg\" data-width=\"768\" data-height=\"768\" aria-label=\"apartamento en la playa dise\u00f1o interior para viviendas 3\" role=\"img\" ><\/div>\n\t\t\t\t\t\t\t\t\t\t\t<div class=\"elementor-gallery-item__overlay\"><\/div>\n\t\t\t\t\t\t\t\t\t\t\t\t\t\t<\/a>\n\t\t\t\t\t\t\t<a class=\"e-gallery-item elementor-gallery-item\" href=\"https:\/\/aurorazanoletty.com\/wp-content\/uploads\/2025\/11\/APARTMENT_004_L.jpg\" data-elementor-open-lightbox=\"yes\" data-elementor-lightbox-slideshow=\"f79c625\" data-e-action-hash=\"#elementor-action%3Aaction%3Dlightbox%26settings%3DeyJpZCI6MTM2NywidXJsIjoiaHR0cHM6XC9cL2F1cm9yYXphbm9sZXR0eS5jb21cL3dwLWNvbnRlbnRcL3VwbG9hZHNcLzIwMjVcLzExXC9BUEFSVE1FTlRfMDA0X0wuanBnIiwic2xpZGVzaG93IjoiZjc5YzYyNSJ9\">\n\t\t\t\t\t<div class=\"e-gallery-image elementor-gallery-item__image\" data-thumbnail=\"https:\/\/aurorazanoletty.com\/wp-content\/uploads\/2025\/11\/APARTMENT_004_L-768x768.jpg\" data-width=\"768\" data-height=\"768\" aria-label=\"apartamento en la playa dise\u00f1o interior para viviendas 4\" role=\"img\" ><\/div>\n\t\t\t\t\t\t\t\t\t\t\t<div class=\"elementor-gallery-item__overlay\"><\/div>\n\t\t\t\t\t\t\t\t\t\t\t\t\t\t<\/a>\n\t\t\t\t\t<\/div>\n\t\t\t\t\t<\/div>\n\t\t\t\t<\/div>\n\t\t\t\t\t<\/div>\n\t\t\t\t<\/div>\n\t\t<div class=\"elementor-element elementor-element-e21ac7a e-con-full e-flex e-con e-child\" data-id=\"e21ac7a\" data-element_type=\"container\">\n\t\t<div class=\"elementor-element elementor-element-1ac6515 e-con-full e-flex e-con e-child\" data-id=\"1ac6515\" data-element_type=\"container\">\n\t\t\t\t<div class=\"elementor-element elementor-element-acf5625 elementor-widget elementor-widget-heading\" data-id=\"acf5625\" data-element_type=\"widget\" data-widget_type=\"heading.default\">\n\t\t\t\t<div class=\"elementor-widget-container\">\n\t\t\t\t\t<h2 class=\"elementor-heading-title elementor-size-default\">Apartamento en la Playa<\/h2>\t\t\t\t<\/div>\n\t\t\t\t<\/div>\n\t\t\t\t<div class=\"elementor-element elementor-element-290f854 elementor-widget-divider--view-line elementor-widget elementor-widget-divider\" data-id=\"290f854\" data-element_type=\"widget\" data-widget_type=\"divider.default\">\n\t\t\t\t<div class=\"elementor-widget-container\">\n\t\t\t\t\t\t\t<div class=\"elementor-divider\">\n\t\t\t<span class=\"elementor-divider-separator\">\n\t\t\t\t\t\t<\/span>\n\t\t<\/div>\n\t\t\t\t\t\t<\/div>\n\t\t\t\t<\/div>\n\t\t\t\t<div class=\"elementor-element elementor-element-78d4042 elementor-widget elementor-widget-text-editor\" data-id=\"78d4042\" data-element_type=\"widget\" data-widget_type=\"text-editor.default\">\n\t\t\t\t<div class=\"elementor-widget-container\">\n\t\t\t\t\t\t\t\t\t<p>Se articula un elemento multifuncional de media altura alrededor de un pilar de hormig\u00f3n que queda expuesto al dejar di\u00e1fano el espacio que previamente correspond\u00eda al estar, cocina y galer\u00eda.<\/p><p>Este elemento aglutina tres usos diferentes: cocina, mesa y zona de trabajo sin restar fluidez ni luminosidad al proyecto.<\/p>\t\t\t\t\t\t\t\t<\/div>\n\t\t\t\t<\/div>\n\t\t\t\t<\/div>\n\t\t<div class=\"elementor-element elementor-element-69626f4 e-con-full e-flex e-con e-child\" data-id=\"69626f4\" data-element_type=\"container\">\n\t\t\t\t<div class=\"elementor-element elementor-element-fd873e1 elementor-widget elementor-widget-image\" data-id=\"fd873e1\" data-element_type=\"widget\" data-widget_type=\"image.default\">\n\t\t\t\t<div class=\"elementor-widget-container\">\n\t\t\t\t\t\t\t\t\t\t\t\t\t\t\t<img fetchpriority=\"high\" decoding=\"async\" width=\"800\" height=\"800\" src=\"https:\/\/aurorazanoletty.com\/wp-content\/uploads\/2025\/11\/BEFORE-1.png\" class=\"attachment-large size-large wp-image-1363\" alt=\"apartamento en la playa antes dise\u00f1o interior para viviendas\" srcset=\"https:\/\/aurorazanoletty.com\/wp-content\/uploads\/2025\/11\/BEFORE-1.png 1024w, https:\/\/aurorazanoletty.com\/wp-content\/uploads\/2025\/11\/BEFORE-1-300x300.png 300w, https:\/\/aurorazanoletty.com\/wp-content\/uploads\/2025\/11\/BEFORE-1-150x150.png 150w, https:\/\/aurorazanoletty.com\/wp-content\/uploads\/2025\/11\/BEFORE-1-768x768.png 768w\" sizes=\"(max-width: 800px) 100vw, 800px\" \/>\t\t\t\t\t\t\t\t\t\t\t\t\t\t\t<\/div>\n\t\t\t\t<\/div>\n\t\t\t\t<\/div>\n\t\t\t\t<\/div>\n\t\t\t\t<\/div>\n\t\t\t\t<\/div>\n\t\t","protected":false},"excerpt":{"rendered":"<p>Dise\u00f1o y Reforma de Apartamento en la playa &#8211; dise\u00f1o interior para viviendas<\/p>\n","protected":false},"author":1,"featured_media":1364,"parent":0,"menu_order":0,"comment_status":"closed","ping_status":"closed","template":"","meta":{"footnotes":""},"class_list":["post-1361","page","type-page","status-publish","has-post-thumbnail","hentry"],"yoast_head":"<!-- This site is optimized with the Yoast SEO plugin v26.2 - https:\/\/yoast.com\/wordpress\/plugins\/seo\/ -->\n<title>Apartamento en la playa - AURORA ZANOLETTY<\/title>\n<meta name=\"description\" content=\"Arquitectura de Interiores llave en mano. Transformamos ideas en espacios \u00fanicos, donde el dise\u00f1o y la experiencia se encuentran.\" \/>\n<meta name=\"robots\" content=\"index, follow, max-snippet:-1, max-image-preview:large, max-video-preview:-1\" \/>\n<link rel=\"canonical\" href=\"https:\/\/aurorazanoletty.com\/?page_id=1361\" \/>\n<meta property=\"og:locale\" content=\"en_GB\" \/>\n<meta property=\"og:type\" content=\"article\" \/>\n<meta property=\"og:title\" content=\"Apartamento en la playa - AURORA ZANOLETTY\" \/>\n<meta property=\"og:description\" content=\"Arquitectura de Interiores llave en mano. Transformamos ideas en espacios \u00fanicos, donde el dise\u00f1o y la experiencia se encuentran.\" \/>\n<meta property=\"og:url\" content=\"https:\/\/aurorazanoletty.com\/?page_id=1361\" \/>\n<meta property=\"og:site_name\" content=\"AURORA ZANOLETTY\" \/>\n<meta property=\"article:modified_time\" content=\"2025-12-03T11:44:26+00:00\" \/>\n<meta property=\"og:image\" content=\"https:\/\/aurorazanoletty.com\/wp-content\/uploads\/2025\/11\/APARTMENT_001_L-1024x1024.jpg\" \/>\n\t<meta property=\"og:image:width\" content=\"1024\" \/>\n\t<meta property=\"og:image:height\" content=\"1024\" \/>\n\t<meta property=\"og:image:type\" content=\"image\/jpeg\" \/>\n<meta name=\"twitter:card\" content=\"summary_large_image\" \/>\n<meta name=\"twitter:label1\" content=\"Estimated reading time\" \/>\n\t<meta name=\"twitter:data1\" content=\"1 minute\" \/>\n<script type=\"application\/ld+json\" class=\"yoast-schema-graph\">{\"@context\":\"https:\/\/schema.org\",\"@graph\":[{\"@type\":\"WebPage\",\"@id\":\"https:\/\/aurorazanoletty.com\/?page_id=1361\",\"url\":\"https:\/\/aurorazanoletty.com\/?page_id=1361\",\"name\":\"Apartamento en la playa - AURORA ZANOLETTY\",\"isPartOf\":{\"@id\":\"https:\/\/aurorazanoletty.com\/#website\"},\"primaryImageOfPage\":{\"@id\":\"https:\/\/aurorazanoletty.com\/?page_id=1361#primaryimage\"},\"image\":{\"@id\":\"https:\/\/aurorazanoletty.com\/?page_id=1361#primaryimage\"},\"thumbnailUrl\":\"https:\/\/aurorazanoletty.com\/wp-content\/uploads\/2025\/11\/APARTMENT_001_L.jpg\",\"datePublished\":\"2025-11-24T18:52:02+00:00\",\"dateModified\":\"2025-12-03T11:44:26+00:00\",\"description\":\"Arquitectura de Interiores llave en mano. Transformamos ideas en espacios \u00fanicos, donde el dise\u00f1o y la experiencia se encuentran.\",\"breadcrumb\":{\"@id\":\"https:\/\/aurorazanoletty.com\/?page_id=1361#breadcrumb\"},\"inLanguage\":\"en-GB\",\"potentialAction\":[{\"@type\":\"ReadAction\",\"target\":[\"https:\/\/aurorazanoletty.com\/?page_id=1361\"]}]},{\"@type\":\"ImageObject\",\"inLanguage\":\"en-GB\",\"@id\":\"https:\/\/aurorazanoletty.com\/?page_id=1361#primaryimage\",\"url\":\"https:\/\/aurorazanoletty.com\/wp-content\/uploads\/2025\/11\/APARTMENT_001_L.jpg\",\"contentUrl\":\"https:\/\/aurorazanoletty.com\/wp-content\/uploads\/2025\/11\/APARTMENT_001_L.jpg\",\"width\":1800,\"height\":1800,\"caption\":\"apartamento en la playa dise\u00f1o interior para viviendas 1\"},{\"@type\":\"BreadcrumbList\",\"@id\":\"https:\/\/aurorazanoletty.com\/?page_id=1361#breadcrumb\",\"itemListElement\":[{\"@type\":\"ListItem\",\"position\":1,\"name\":\"Home\",\"item\":\"https:\/\/aurorazanoletty.com\/\"},{\"@type\":\"ListItem\",\"position\":2,\"name\":\"Apartamento en la playa\"}]},{\"@type\":\"WebSite\",\"@id\":\"https:\/\/aurorazanoletty.com\/#website\",\"url\":\"https:\/\/aurorazanoletty.com\/\",\"name\":\"AURORAZANOLETTY\",\"description\":\"\",\"publisher\":{\"@id\":\"https:\/\/aurorazanoletty.com\/#organization\"},\"potentialAction\":[{\"@type\":\"SearchAction\",\"target\":{\"@type\":\"EntryPoint\",\"urlTemplate\":\"https:\/\/aurorazanoletty.com\/?s={search_term_string}\"},\"query-input\":{\"@type\":\"PropertyValueSpecification\",\"valueRequired\":true,\"valueName\":\"search_term_string\"}}],\"inLanguage\":\"en-GB\"},{\"@type\":\"Organization\",\"@id\":\"https:\/\/aurorazanoletty.com\/#organization\",\"name\":\"AURORA ZANOLETTY ARQUITECTURA DE INTERIORES\",\"url\":\"https:\/\/aurorazanoletty.com\/\",\"logo\":{\"@type\":\"ImageObject\",\"inLanguage\":\"en-GB\",\"@id\":\"https:\/\/aurorazanoletty.com\/#\/schema\/logo\/image\/\",\"url\":\"https:\/\/aurorazanoletty.com\/wp-content\/uploads\/2025\/11\/LOGO.jpg\",\"contentUrl\":\"https:\/\/aurorazanoletty.com\/wp-content\/uploads\/2025\/11\/LOGO.jpg\",\"width\":1105,\"height\":245,\"caption\":\"AURORA ZANOLETTY ARQUITECTURA DE INTERIORES\"},\"image\":{\"@id\":\"https:\/\/aurorazanoletty.com\/#\/schema\/logo\/image\/\"}}]}<\/script>\n<!-- \/ Yoast SEO plugin. -->","yoast_head_json":{"title":"Apartamento en la playa - AURORA ZANOLETTY","description":"Arquitectura de Interiores llave en mano. Transformamos ideas en espacios \u00fanicos, donde el dise\u00f1o y la experiencia se encuentran.","robots":{"index":"index","follow":"follow","max-snippet":"max-snippet:-1","max-image-preview":"max-image-preview:large","max-video-preview":"max-video-preview:-1"},"canonical":"https:\/\/aurorazanoletty.com\/?page_id=1361","og_locale":"en_GB","og_type":"article","og_title":"Apartamento en la playa - AURORA ZANOLETTY","og_description":"Arquitectura de Interiores llave en mano. Transformamos ideas en espacios \u00fanicos, donde el dise\u00f1o y la experiencia se encuentran.","og_url":"https:\/\/aurorazanoletty.com\/?page_id=1361","og_site_name":"AURORA ZANOLETTY","article_modified_time":"2025-12-03T11:44:26+00:00","og_image":[{"width":1024,"height":1024,"url":"https:\/\/aurorazanoletty.com\/wp-content\/uploads\/2025\/11\/APARTMENT_001_L-1024x1024.jpg","type":"image\/jpeg"}],"twitter_card":"summary_large_image","twitter_misc":{"Estimated reading time":"1 minute"},"schema":{"@context":"https:\/\/schema.org","@graph":[{"@type":"WebPage","@id":"https:\/\/aurorazanoletty.com\/?page_id=1361","url":"https:\/\/aurorazanoletty.com\/?page_id=1361","name":"Apartamento en la playa - AURORA ZANOLETTY","isPartOf":{"@id":"https:\/\/aurorazanoletty.com\/#website"},"primaryImageOfPage":{"@id":"https:\/\/aurorazanoletty.com\/?page_id=1361#primaryimage"},"image":{"@id":"https:\/\/aurorazanoletty.com\/?page_id=1361#primaryimage"},"thumbnailUrl":"https:\/\/aurorazanoletty.com\/wp-content\/uploads\/2025\/11\/APARTMENT_001_L.jpg","datePublished":"2025-11-24T18:52:02+00:00","dateModified":"2025-12-03T11:44:26+00:00","description":"Arquitectura de Interiores llave en mano. Transformamos ideas en espacios \u00fanicos, donde el dise\u00f1o y la experiencia se encuentran.","breadcrumb":{"@id":"https:\/\/aurorazanoletty.com\/?page_id=1361#breadcrumb"},"inLanguage":"en-GB","potentialAction":[{"@type":"ReadAction","target":["https:\/\/aurorazanoletty.com\/?page_id=1361"]}]},{"@type":"ImageObject","inLanguage":"en-GB","@id":"https:\/\/aurorazanoletty.com\/?page_id=1361#primaryimage","url":"https:\/\/aurorazanoletty.com\/wp-content\/uploads\/2025\/11\/APARTMENT_001_L.jpg","contentUrl":"https:\/\/aurorazanoletty.com\/wp-content\/uploads\/2025\/11\/APARTMENT_001_L.jpg","width":1800,"height":1800,"caption":"apartamento en la playa dise\u00f1o interior para viviendas 1"},{"@type":"BreadcrumbList","@id":"https:\/\/aurorazanoletty.com\/?page_id=1361#breadcrumb","itemListElement":[{"@type":"ListItem","position":1,"name":"Home","item":"https:\/\/aurorazanoletty.com\/"},{"@type":"ListItem","position":2,"name":"Apartamento en la playa"}]},{"@type":"WebSite","@id":"https:\/\/aurorazanoletty.com\/#website","url":"https:\/\/aurorazanoletty.com\/","name":"AURORAZANOLETTY","description":"","publisher":{"@id":"https:\/\/aurorazanoletty.com\/#organization"},"potentialAction":[{"@type":"SearchAction","target":{"@type":"EntryPoint","urlTemplate":"https:\/\/aurorazanoletty.com\/?s={search_term_string}"},"query-input":{"@type":"PropertyValueSpecification","valueRequired":true,"valueName":"search_term_string"}}],"inLanguage":"en-GB"},{"@type":"Organization","@id":"https:\/\/aurorazanoletty.com\/#organization","name":"AURORA ZANOLETTY ARQUITECTURA DE INTERIORES","url":"https:\/\/aurorazanoletty.com\/","logo":{"@type":"ImageObject","inLanguage":"en-GB","@id":"https:\/\/aurorazanoletty.com\/#\/schema\/logo\/image\/","url":"https:\/\/aurorazanoletty.com\/wp-content\/uploads\/2025\/11\/LOGO.jpg","contentUrl":"https:\/\/aurorazanoletty.com\/wp-content\/uploads\/2025\/11\/LOGO.jpg","width":1105,"height":245,"caption":"AURORA ZANOLETTY ARQUITECTURA DE INTERIORES"},"image":{"@id":"https:\/\/aurorazanoletty.com\/#\/schema\/logo\/image\/"}}]}},"_links":{"self":[{"href":"https:\/\/aurorazanoletty.com\/index.php?rest_route=\/wp\/v2\/pages\/1361","targetHints":{"allow":["GET"]}}],"collection":[{"href":"https:\/\/aurorazanoletty.com\/index.php?rest_route=\/wp\/v2\/pages"}],"about":[{"href":"https:\/\/aurorazanoletty.com\/index.php?rest_route=\/wp\/v2\/types\/page"}],"author":[{"embeddable":true,"href":"https:\/\/aurorazanoletty.com\/index.php?rest_route=\/wp\/v2\/users\/1"}],"replies":[{"embeddable":true,"href":"https:\/\/aurorazanoletty.com\/index.php?rest_route=%2Fwp%2Fv2%2Fcomments&post=1361"}],"version-history":[{"count":47,"href":"https:\/\/aurorazanoletty.com\/index.php?rest_route=\/wp\/v2\/pages\/1361\/revisions"}],"predecessor-version":[{"id":1872,"href":"https:\/\/aurorazanoletty.com\/index.php?rest_route=\/wp\/v2\/pages\/1361\/revisions\/1872"}],"wp:featuredmedia":[{"embeddable":true,"href":"https:\/\/aurorazanoletty.com\/index.php?rest_route=\/wp\/v2\/media\/1364"}],"wp:attachment":[{"href":"https:\/\/aurorazanoletty.com\/index.php?rest_route=%2Fwp%2Fv2%2Fmedia&parent=1361"}],"curies":[{"name":"wp","href":"https:\/\/api.w.org\/{rel}","templated":true}]}}