{"id":1149,"date":"2025-11-24T17:11:03","date_gmt":"2025-11-24T17:11:03","guid":{"rendered":"https:\/\/aurorazanoletty.com\/?page_id=1149"},"modified":"2025-12-04T09:11:39","modified_gmt":"2025-12-04T09:11:39","slug":"home-test","status":"publish","type":"page","link":"https:\/\/aurorazanoletty.com\/","title":{"rendered":"HOME"},"content":{"rendered":"\t\t<div data-elementor-type=\"wp-page\" data-elementor-id=\"1149\" class=\"elementor elementor-1149\" data-elementor-post-type=\"page\">\n\t\t\t\t<div class=\"elementor-element elementor-element-863110e e-flex e-con-boxed e-con e-parent\" data-id=\"863110e\" data-element_type=\"container\">\n\t\t\t\t\t<div class=\"e-con-inner\">\n\t\t\t\t\t<\/div>\n\t\t\t\t<\/div>\n\t\t<div class=\"elementor-element elementor-element-81bcf12 e-con-full e-flex e-con e-parent\" data-id=\"81bcf12\" data-element_type=\"container\">\n\t\t<div class=\"elementor-element elementor-element-992958d e-con-full e-flex e-con e-child\" data-id=\"992958d\" data-element_type=\"container\" data-settings=\"{&quot;background_background&quot;:&quot;classic&quot;}\">\n\t\t<div class=\"elementor-element elementor-element-b56f641 e-con-full e-flex e-con e-child\" data-id=\"b56f641\" data-element_type=\"container\">\n\t\t\t\t<div class=\"elementor-element elementor-element-86f8767 elementor-widget elementor-widget-text-editor\" data-id=\"86f8767\" data-element_type=\"widget\" data-widget_type=\"text-editor.default\">\n\t\t\t\t<div class=\"elementor-widget-container\">\n\t\t\t\t\t\t\t\t\t<p>Dise\u00f1amos interiores donde la simplicidad se convierte en esencia.<\/p><p>Creamos espacios limpios, equilibrados y funcionales, cuidando cada l\u00ednea y cada material.<\/p><p>Nuestro servicio <strong data-start=\"302\" data-end=\"319\">llave en mano<\/strong> integra dise\u00f1o y ejecuci\u00f3n para ofrecerte un proceso sereno y preciso, y un resultado que respira calma, orden y pureza.<\/p>\t\t\t\t\t\t\t\t<\/div>\n\t\t\t\t<\/div>\n\t\t\t\t<\/div>\n\t\t<div class=\"elementor-element elementor-element-dbb7a7a e-con-full e-flex e-con e-child\" data-id=\"dbb7a7a\" data-element_type=\"container\">\n\t\t\t\t<div class=\"elementor-element elementor-element-944f1d2 elementor-widget elementor-widget-button\" data-id=\"944f1d2\" data-element_type=\"widget\" data-widget_type=\"button.default\">\n\t\t\t\t<div class=\"elementor-widget-container\">\n\t\t\t\t\t\t\t\t\t<div class=\"elementor-button-wrapper\">\n\t\t\t\t\t<a class=\"elementor-button elementor-button-link elementor-size-sm\" href=\"https:\/\/aurorazanoletty.com\/?page_id=1540\">\n\t\t\t\t\t\t<span class=\"elementor-button-content-wrapper\">\n\t\t\t\t\t\t\t\t\t<span class=\"elementor-button-text\">trabajos<\/span>\n\t\t\t\t\t<\/span>\n\t\t\t\t\t<\/a>\n\t\t\t\t<\/div>\n\t\t\t\t\t\t\t\t<\/div>\n\t\t\t\t<\/div>\n\t\t\t\t<\/div>\n\t\t\t\t<\/div>\n\t\t<div class=\"elementor-element elementor-element-cb1ec09 e-con-full e-flex e-con e-child\" data-id=\"cb1ec09\" data-element_type=\"container\">\n\t\t<div class=\"elementor-element elementor-element-1fcb351 e-con-full e-flex e-con e-child\" data-id=\"1fcb351\" data-element_type=\"container\">\n\t\t\t\t<\/div>\n\t\t<div class=\"elementor-element elementor-element-c279f80 e-con-full e-flex e-con e-child\" data-id=\"c279f80\" data-element_type=\"container\">\n\t\t\t\t<div class=\"elementor-element elementor-element-90ec504 elementor-widget elementor-widget-image-carousel\" data-id=\"90ec504\" data-element_type=\"widget\" data-settings=\"{&quot;slides_to_show&quot;:&quot;3&quot;,&quot;navigation&quot;:&quot;none&quot;,&quot;autoplay&quot;:&quot;yes&quot;,&quot;pause_on_hover&quot;:&quot;yes&quot;,&quot;pause_on_interaction&quot;:&quot;yes&quot;,&quot;autoplay_speed&quot;:5000,&quot;infinite&quot;:&quot;yes&quot;,&quot;speed&quot;:500}\" data-widget_type=\"image-carousel.default\">\n\t\t\t\t<div class=\"elementor-widget-container\">\n\t\t\t\t\t\t\t<div class=\"elementor-image-carousel-wrapper swiper\" role=\"region\" aria-roledescription=\"carousel\" aria-label=\"Image Carousel\" dir=\"ltr\">\n\t\t\t<div class=\"elementor-image-carousel swiper-wrapper\" aria-live=\"off\">\n\t\t\t\t\t\t\t\t<div class=\"swiper-slide\" role=\"group\" aria-roledescription=\"slide\" aria-label=\"1 of 4\"><figure class=\"swiper-slide-inner\"><img decoding=\"async\" class=\"swiper-slide-image\" src=\"https:\/\/aurorazanoletty.com\/wp-content\/uploads\/2025\/11\/2025_L_BALCONY_001-768x768.jpg\" alt=\"dise\u00f1o minimalista de interiores- despues1\" \/><\/figure><\/div><div class=\"swiper-slide\" role=\"group\" aria-roledescription=\"slide\" aria-label=\"2 of 4\"><figure class=\"swiper-slide-inner\"><img decoding=\"async\" class=\"swiper-slide-image\" src=\"https:\/\/aurorazanoletty.com\/wp-content\/uploads\/2025\/11\/001-768x768.jpg\" alt=\"001\" \/><\/figure><\/div><div class=\"swiper-slide\" role=\"group\" aria-roledescription=\"slide\" aria-label=\"3 of 4\"><figure class=\"swiper-slide-inner\"><img decoding=\"async\" class=\"swiper-slide-image\" src=\"https:\/\/aurorazanoletty.com\/wp-content\/uploads\/2025\/11\/APARTMENT_004_L-768x768.jpg\" alt=\"apartamento en la playa dise\u00f1o interior para viviendas 4\" \/><\/figure><\/div><div class=\"swiper-slide\" role=\"group\" aria-roledescription=\"slide\" aria-label=\"4 of 4\"><figure class=\"swiper-slide-inner\"><img decoding=\"async\" class=\"swiper-slide-image\" src=\"https:\/\/aurorazanoletty.com\/wp-content\/uploads\/2025\/11\/SUMMER_002S-768x768.jpg\" alt=\"SUMMER_002S\" \/><\/figure><\/div>\t\t\t<\/div>\n\t\t\t\t\t\t\t\n\t\t\t\t\t\t\t\t\t<\/div>\n\t\t\t\t\t\t<\/div>\n\t\t\t\t<\/div>\n\t\t\t\t<\/div>\n\t\t\t\t<\/div>\n\t\t\t\t<\/div>\n\t\t\t\t<\/div>\n\t\t","protected":false},"excerpt":{"rendered":"<p>Dise\u00f1amos interiores donde la simplicidad se convierte en esencia. Creamos espacios limpios, equilibrados y funcionales, cuidando cada l\u00ednea y cada material. Nuestro servicio llave en mano integra dise\u00f1o y ejecuci\u00f3n para ofrecerte un proceso sereno y preciso, y un resultado que respira calma, orden y pureza. trabajos<\/p>\n","protected":false},"author":1,"featured_media":0,"parent":0,"menu_order":0,"comment_status":"closed","ping_status":"closed","template":"","meta":{"footnotes":""},"class_list":["post-1149","page","type-page","status-publish","hentry"],"yoast_head":"<!-- This site is optimized with the Yoast SEO plugin v26.2 - https:\/\/yoast.com\/wordpress\/plugins\/seo\/ -->\n<title>HOME - AURORA ZANOLETTY<\/title>\n<meta name=\"description\" content=\"Arquitectura de Interiores llave en mano. Transformamos ideas en espacios \u00fanicos, donde el dise\u00f1o y la experiencia se encuentran.\" \/>\n<meta name=\"robots\" content=\"index, follow, max-snippet:-1, max-image-preview:large, max-video-preview:-1\" \/>\n<link rel=\"canonical\" href=\"https:\/\/aurorazanoletty.com\/\" \/>\n<meta property=\"og:locale\" content=\"en_GB\" \/>\n<meta property=\"og:type\" content=\"article\" \/>\n<meta property=\"og:title\" content=\"HOME - AURORA ZANOLETTY\" \/>\n<meta property=\"og:description\" content=\"Arquitectura de Interiores llave en mano. Transformamos ideas en espacios \u00fanicos, donde el dise\u00f1o y la experiencia se encuentran.\" \/>\n<meta property=\"og:url\" content=\"https:\/\/aurorazanoletty.com\/\" \/>\n<meta property=\"og:site_name\" content=\"AURORA ZANOLETTY\" \/>\n<meta property=\"article:modified_time\" content=\"2025-12-04T09:11:39+00:00\" \/>\n<meta property=\"og:image\" content=\"https:\/\/aurorazanoletty.com\/wp-content\/uploads\/2025\/11\/2025_L_BALCONY_001-768x768.jpg\" \/>\n<meta name=\"twitter:card\" content=\"summary_large_image\" \/>\n<meta name=\"twitter:label1\" content=\"Estimated reading time\" \/>\n\t<meta name=\"twitter:data1\" content=\"3 minutes\" \/>\n<script type=\"application\/ld+json\" class=\"yoast-schema-graph\">{\"@context\":\"https:\/\/schema.org\",\"@graph\":[{\"@type\":\"WebPage\",\"@id\":\"https:\/\/aurorazanoletty.com\/\",\"url\":\"https:\/\/aurorazanoletty.com\/\",\"name\":\"HOME - AURORA ZANOLETTY\",\"isPartOf\":{\"@id\":\"https:\/\/aurorazanoletty.com\/#website\"},\"primaryImageOfPage\":{\"@id\":\"https:\/\/aurorazanoletty.com\/#primaryimage\"},\"image\":{\"@id\":\"https:\/\/aurorazanoletty.com\/#primaryimage\"},\"thumbnailUrl\":\"https:\/\/aurorazanoletty.com\/wp-content\/uploads\/2025\/11\/2025_L_BALCONY_001-768x768.jpg\",\"datePublished\":\"2025-11-24T17:11:03+00:00\",\"dateModified\":\"2025-12-04T09:11:39+00:00\",\"description\":\"Arquitectura de Interiores llave en mano. Transformamos ideas en espacios \u00fanicos, donde el dise\u00f1o y la experiencia se encuentran.\",\"breadcrumb\":{\"@id\":\"https:\/\/aurorazanoletty.com\/#breadcrumb\"},\"inLanguage\":\"en-GB\",\"potentialAction\":[{\"@type\":\"ReadAction\",\"target\":[\"https:\/\/aurorazanoletty.com\/\"]}]},{\"@type\":\"ImageObject\",\"inLanguage\":\"en-GB\",\"@id\":\"https:\/\/aurorazanoletty.com\/#primaryimage\",\"url\":\"https:\/\/aurorazanoletty.com\/wp-content\/uploads\/2025\/11\/2025_L_BALCONY_001-scaled.jpg\",\"contentUrl\":\"https:\/\/aurorazanoletty.com\/wp-content\/uploads\/2025\/11\/2025_L_BALCONY_001-scaled.jpg\",\"width\":2560,\"height\":2560,\"caption\":\"dise\u00f1o minimalista de interiores- despues1\"},{\"@type\":\"BreadcrumbList\",\"@id\":\"https:\/\/aurorazanoletty.com\/#breadcrumb\",\"itemListElement\":[{\"@type\":\"ListItem\",\"position\":1,\"name\":\"Home\",\"item\":\"https:\/\/aurorazanoletty.com\/\"},{\"@type\":\"ListItem\",\"position\":2,\"name\":\"HOME\"}]},{\"@type\":\"WebSite\",\"@id\":\"https:\/\/aurorazanoletty.com\/#website\",\"url\":\"https:\/\/aurorazanoletty.com\/\",\"name\":\"AURORAZANOLETTY\",\"description\":\"\",\"publisher\":{\"@id\":\"https:\/\/aurorazanoletty.com\/#organization\"},\"potentialAction\":[{\"@type\":\"SearchAction\",\"target\":{\"@type\":\"EntryPoint\",\"urlTemplate\":\"https:\/\/aurorazanoletty.com\/?s={search_term_string}\"},\"query-input\":{\"@type\":\"PropertyValueSpecification\",\"valueRequired\":true,\"valueName\":\"search_term_string\"}}],\"inLanguage\":\"en-GB\"},{\"@type\":\"Organization\",\"@id\":\"https:\/\/aurorazanoletty.com\/#organization\",\"name\":\"AURORA ZANOLETTY ARQUITECTURA DE INTERIORES\",\"url\":\"https:\/\/aurorazanoletty.com\/\",\"logo\":{\"@type\":\"ImageObject\",\"inLanguage\":\"en-GB\",\"@id\":\"https:\/\/aurorazanoletty.com\/#\/schema\/logo\/image\/\",\"url\":\"https:\/\/aurorazanoletty.com\/wp-content\/uploads\/2025\/11\/LOGO.jpg\",\"contentUrl\":\"https:\/\/aurorazanoletty.com\/wp-content\/uploads\/2025\/11\/LOGO.jpg\",\"width\":1105,\"height\":245,\"caption\":\"AURORA ZANOLETTY ARQUITECTURA DE INTERIORES\"},\"image\":{\"@id\":\"https:\/\/aurorazanoletty.com\/#\/schema\/logo\/image\/\"}}]}<\/script>\n<!-- \/ Yoast SEO plugin. -->","yoast_head_json":{"title":"HOME - AURORA ZANOLETTY","description":"Arquitectura de Interiores llave en mano. Transformamos ideas en espacios \u00fanicos, donde el dise\u00f1o y la experiencia se encuentran.","robots":{"index":"index","follow":"follow","max-snippet":"max-snippet:-1","max-image-preview":"max-image-preview:large","max-video-preview":"max-video-preview:-1"},"canonical":"https:\/\/aurorazanoletty.com\/","og_locale":"en_GB","og_type":"article","og_title":"HOME - AURORA ZANOLETTY","og_description":"Arquitectura de Interiores llave en mano. Transformamos ideas en espacios \u00fanicos, donde el dise\u00f1o y la experiencia se encuentran.","og_url":"https:\/\/aurorazanoletty.com\/","og_site_name":"AURORA ZANOLETTY","article_modified_time":"2025-12-04T09:11:39+00:00","og_image":[{"url":"https:\/\/aurorazanoletty.com\/wp-content\/uploads\/2025\/11\/2025_L_BALCONY_001-768x768.jpg","type":"","width":"","height":""}],"twitter_card":"summary_large_image","twitter_misc":{"Estimated reading time":"3 minutes"},"schema":{"@context":"https:\/\/schema.org","@graph":[{"@type":"WebPage","@id":"https:\/\/aurorazanoletty.com\/","url":"https:\/\/aurorazanoletty.com\/","name":"HOME - AURORA ZANOLETTY","isPartOf":{"@id":"https:\/\/aurorazanoletty.com\/#website"},"primaryImageOfPage":{"@id":"https:\/\/aurorazanoletty.com\/#primaryimage"},"image":{"@id":"https:\/\/aurorazanoletty.com\/#primaryimage"},"thumbnailUrl":"https:\/\/aurorazanoletty.com\/wp-content\/uploads\/2025\/11\/2025_L_BALCONY_001-768x768.jpg","datePublished":"2025-11-24T17:11:03+00:00","dateModified":"2025-12-04T09:11:39+00:00","description":"Arquitectura de Interiores llave en mano. Transformamos ideas en espacios \u00fanicos, donde el dise\u00f1o y la experiencia se encuentran.","breadcrumb":{"@id":"https:\/\/aurorazanoletty.com\/#breadcrumb"},"inLanguage":"en-GB","potentialAction":[{"@type":"ReadAction","target":["https:\/\/aurorazanoletty.com\/"]}]},{"@type":"ImageObject","inLanguage":"en-GB","@id":"https:\/\/aurorazanoletty.com\/#primaryimage","url":"https:\/\/aurorazanoletty.com\/wp-content\/uploads\/2025\/11\/2025_L_BALCONY_001-scaled.jpg","contentUrl":"https:\/\/aurorazanoletty.com\/wp-content\/uploads\/2025\/11\/2025_L_BALCONY_001-scaled.jpg","width":2560,"height":2560,"caption":"dise\u00f1o minimalista de interiores- despues1"},{"@type":"BreadcrumbList","@id":"https:\/\/aurorazanoletty.com\/#breadcrumb","itemListElement":[{"@type":"ListItem","position":1,"name":"Home","item":"https:\/\/aurorazanoletty.com\/"},{"@type":"ListItem","position":2,"name":"HOME"}]},{"@type":"WebSite","@id":"https:\/\/aurorazanoletty.com\/#website","url":"https:\/\/aurorazanoletty.com\/","name":"AURORAZANOLETTY","description":"","publisher":{"@id":"https:\/\/aurorazanoletty.com\/#organization"},"potentialAction":[{"@type":"SearchAction","target":{"@type":"EntryPoint","urlTemplate":"https:\/\/aurorazanoletty.com\/?s={search_term_string}"},"query-input":{"@type":"PropertyValueSpecification","valueRequired":true,"valueName":"search_term_string"}}],"inLanguage":"en-GB"},{"@type":"Organization","@id":"https:\/\/aurorazanoletty.com\/#organization","name":"AURORA ZANOLETTY ARQUITECTURA DE INTERIORES","url":"https:\/\/aurorazanoletty.com\/","logo":{"@type":"ImageObject","inLanguage":"en-GB","@id":"https:\/\/aurorazanoletty.com\/#\/schema\/logo\/image\/","url":"https:\/\/aurorazanoletty.com\/wp-content\/uploads\/2025\/11\/LOGO.jpg","contentUrl":"https:\/\/aurorazanoletty.com\/wp-content\/uploads\/2025\/11\/LOGO.jpg","width":1105,"height":245,"caption":"AURORA ZANOLETTY ARQUITECTURA DE INTERIORES"},"image":{"@id":"https:\/\/aurorazanoletty.com\/#\/schema\/logo\/image\/"}}]}},"_links":{"self":[{"href":"https:\/\/aurorazanoletty.com\/index.php?rest_route=\/wp\/v2\/pages\/1149","targetHints":{"allow":["GET"]}}],"collection":[{"href":"https:\/\/aurorazanoletty.com\/index.php?rest_route=\/wp\/v2\/pages"}],"about":[{"href":"https:\/\/aurorazanoletty.com\/index.php?rest_route=\/wp\/v2\/types\/page"}],"author":[{"embeddable":true,"href":"https:\/\/aurorazanoletty.com\/index.php?rest_route=\/wp\/v2\/users\/1"}],"replies":[{"embeddable":true,"href":"https:\/\/aurorazanoletty.com\/index.php?rest_route=%2Fwp%2Fv2%2Fcomments&post=1149"}],"version-history":[{"count":248,"href":"https:\/\/aurorazanoletty.com\/index.php?rest_route=\/wp\/v2\/pages\/1149\/revisions"}],"predecessor-version":[{"id":2102,"href":"https:\/\/aurorazanoletty.com\/index.php?rest_route=\/wp\/v2\/pages\/1149\/revisions\/2102"}],"wp:attachment":[{"href":"https:\/\/aurorazanoletty.com\/index.php?rest_route=%2Fwp%2Fv2%2Fmedia&parent=1149"}],"curies":[{"name":"wp","href":"https:\/\/api.w.org\/{rel}","templated":true}]}}